{"id":2461,"date":"2025-11-03T15:53:04","date_gmt":"2025-11-03T14:53:04","guid":{"rendered":"https:\/\/binderless.com\/digitization-of-documentation\/"},"modified":"2025-11-28T12:54:12","modified_gmt":"2025-11-28T11:54:12","slug":"digitization-of-documentation","status":"publish","type":"page","link":"https:\/\/binderless.com\/en\/digitization-of-documentation\/","title":{"rendered":"Digitization of Documentation"},"content":{"rendered":"<p><div class=\"fusion-fullwidth fullwidth-box fusion-builder-row-1 fusion-flex-container has-pattern-background has-mask-background nonhundred-percent-fullwidth non-hundred-percent-height-scrolling\" style=\"--awb-background-blend-mode:multiply;--awb-border-radius-top-left:0px;--awb-border-radius-top-right:0px;--awb-border-radius-bottom-right:0px;--awb-border-radius-bottom-left:0px;--awb-padding-top:64px;--awb-padding-bottom:64px;--awb-padding-top-small:10vh;--awb-background-color:var(--awb-color3);--awb-flex-wrap:wrap;\" ><div class=\"fusion-builder-row fusion-row fusion-flex-align-items-center fusion-flex-align-content-center fusion-flex-content-wrap\" style=\"max-width:calc( 1240px + 5vw );margin-left: calc(-5vw \/ 2 );margin-right: calc(-5vw \/ 2 );\"><div class=\"fusion-layout-column fusion_builder_column fusion-builder-column-0 fusion_builder_column_2_3 2_3 fusion-flex-column\" style=\"--awb-bg-size:cover;--awb-width-large:66.666666666667%;--awb-margin-top-large:0px;--awb-spacing-right-large:2.5vw;--awb-margin-bottom-large:0px;--awb-spacing-left-large:2.5vw;--awb-width-medium:100%;--awb-order-medium:0;--awb-spacing-right-medium:2.5vw;--awb-spacing-left-medium:2.5vw;--awb-width-small:100%;--awb-order-small:0;--awb-spacing-right-small:2.5vw;--awb-spacing-left-small:2.5vw;\"><div class=\"fusion-column-wrapper fusion-column-has-shadow fusion-flex-justify-content-flex-start fusion-content-layout-column\"><div class=\"fusion-text fusion-text-1 fusion-text-no-margin\" style=\"--awb-content-alignment:left;--awb-font-size:var(--awb-typography3-font-size);--awb-line-height:var(--awb-typography3-line-height);--awb-letter-spacing:var(--awb-typography3-letter-spacing);--awb-text-transform:var(--awb-typography3-text-transform);--awb-text-color:var(--awb-color4);--awb-margin-bottom:0px;--awb-text-font-family:var(--awb-typography3-font-family);--awb-text-font-weight:var(--awb-typography3-font-weight);--awb-text-font-style:var(--awb-typography3-font-style);\"><p>EU Project<\/p>\n<\/div><div class=\"fusion-title title fusion-title-1 fusion-sep-none fusion-title-text fusion-title-size-one\" style=\"--awb-margin-top-small:10px;--awb-margin-right-small:0px;--awb-margin-bottom-small:10px;--awb-margin-left-small:0px;--awb-font-size:42px;\"><h1 class=\"fusion-title-heading title-heading-left fusion-responsive-typography-calculated\" style=\"font-family:var(--awb-typography1-font-family);font-weight:var(--awb-typography1-font-weight);font-style:var(--awb-typography1-font-style);margin:0;letter-spacing:var(--awb-typography1-letter-spacing);text-transform:var(--awb-typography1-text-transform);font-size:1em;--fontSize:42;line-height:var(--awb-typography1-line-height);\">Digitalization of construction documentation<\/h1><\/div><div class=\"fusion-text fusion-text-2 fusion-text-no-margin\" style=\"--awb-margin-bottom:2rem;\"><p>Project financed by the European Funds for Modern Economy program<\/p>\n<\/div><div class=\"fusion-image-element \" style=\"--awb-caption-title-font-family:var(--h2_typography-font-family);--awb-caption-title-font-weight:var(--h2_typography-font-weight);--awb-caption-title-font-style:var(--h2_typography-font-style);--awb-caption-title-size:var(--h2_typography-font-size);--awb-caption-title-transform:var(--h2_typography-text-transform);--awb-caption-title-line-height:var(--h2_typography-line-height);--awb-caption-title-letter-spacing:var(--h2_typography-letter-spacing);\"><span class=\" fusion-imageframe imageframe-none imageframe-1 hover-type-none\"><img decoding=\"async\" width=\"2560\" height=\"365\" title=\"FEPW_RP_UE_RGB-1\" src=\"https:\/\/binderless.com\/wp-content\/uploads\/2025\/11\/FEPW_RP_UE_RGB-1.webp\" alt class=\"img-responsive wp-image-2462\"\/><\/span><\/div><\/div><\/div><\/div><\/div><div id=\"services\" class=\"fusion-container-anchor\"><div class=\"fusion-fullwidth fullwidth-box fusion-builder-row-2 fusion-flex-container has-pattern-background has-mask-background nonhundred-percent-fullwidth non-hundred-percent-height-scrolling\" style=\"--awb-border-radius-top-left:0px;--awb-border-radius-top-right:0px;--awb-border-radius-bottom-right:0px;--awb-border-radius-bottom-left:0px;--awb-padding-top:64px;--awb-padding-bottom:64px;--awb-flex-wrap:wrap;\" ><div class=\"fusion-builder-row fusion-row fusion-flex-align-items-flex-start fusion-flex-content-wrap\" style=\"max-width:calc( 1240px + 5vw );margin-left: calc(-5vw \/ 2 );margin-right: calc(-5vw \/ 2 );\"><div class=\"fusion-layout-column fusion_builder_column fusion-builder-column-1 fusion_builder_column_2_3 2_3 fusion-flex-column\" style=\"--awb-bg-size:cover;--awb-width-large:66.666666666667%;--awb-margin-top-large:0px;--awb-spacing-right-large:2.5vw;--awb-margin-bottom-large:1rem;--awb-spacing-left-large:2.5vw;--awb-width-medium:100%;--awb-order-medium:0;--awb-spacing-right-medium:2.5vw;--awb-spacing-left-medium:2.5vw;--awb-width-small:100%;--awb-order-small:0;--awb-spacing-right-small:2.5vw;--awb-spacing-left-small:2.5vw;\"><div class=\"fusion-column-wrapper fusion-column-has-shadow fusion-flex-justify-content-flex-start fusion-content-layout-column\"><div class=\"fusion-title title fusion-title-2 fusion-sep-none fusion-title-text fusion-title-size-two\" style=\"--awb-text-color:var(--awb-color7);--awb-margin-top-small:10px;--awb-margin-right-small:0px;--awb-margin-bottom-small:10px;--awb-margin-left-small:0px;\"><h2 class=\"fusion-title-heading title-heading-left fusion-responsive-typography-calculated\" style=\"font-family:var(--awb-typography1-font-family);font-weight:var(--awb-typography1-font-weight);font-style:var(--awb-typography1-font-style);margin:0;letter-spacing:var(--awb-typography1-letter-spacing);text-transform:var(--awb-typography1-text-transform);--fontSize:32;line-height:var(--awb-typography1-line-height);\">Project Information<\/h2><\/div><div class=\"fusion-text fusion-text-3 fusion-text-no-margin\" style=\"--awb-font-size:var(--awb-typography4-font-size);--awb-line-height:var(--awb-typography4-line-height);--awb-letter-spacing:var(--awb-typography4-letter-spacing);--awb-text-transform:var(--awb-typography4-text-transform);--awb-text-color:var(--awb-color6);--awb-margin-bottom:0px;--awb-text-font-family:var(--awb-typography4-font-family);--awb-text-font-weight:var(--awb-typography4-font-weight);--awb-text-font-style:var(--awb-typography4-font-style);\"><ul>\n<li><strong>Priority II:<\/strong> Environment conducive to innovation<\/li>\n<li><strong>Action 2.28:<\/strong> Startup Booster Poland, Smart UP call<\/li>\n<li><strong>Industry Specialization I:<\/strong> Intelligent networks and information and communication technologies, and geoinformation technologies<\/li>\n<\/ul>\n<\/div><div class=\"fusion-title title fusion-title-3 fusion-sep-none fusion-title-text fusion-title-size-two\" style=\"--awb-text-color:var(--awb-color7);--awb-margin-top-small:10px;--awb-margin-right-small:0px;--awb-margin-bottom-small:10px;--awb-margin-left-small:0px;\"><h2 class=\"fusion-title-heading title-heading-left fusion-responsive-typography-calculated\" style=\"font-family:var(--awb-typography1-font-family);font-weight:var(--awb-typography1-font-weight);font-style:var(--awb-typography1-font-style);margin:0;letter-spacing:var(--awb-typography1-letter-spacing);text-transform:var(--awb-typography1-text-transform);--fontSize:32;line-height:var(--awb-typography1-line-height);\">Project Objective<\/h2><\/div><div class=\"fusion-text fusion-text-4\" style=\"--awb-font-size:var(--awb-typography4-font-size);--awb-line-height:var(--awb-typography4-line-height);--awb-letter-spacing:var(--awb-typography4-letter-spacing);--awb-text-transform:var(--awb-typography4-text-transform);--awb-text-color:var(--awb-color6);--awb-text-font-family:var(--awb-typography4-font-family);--awb-text-font-weight:var(--awb-typography4-font-weight);--awb-text-font-style:var(--awb-typography4-font-style);\"><p>Development of a scalable method for digitization, archiving, and organization of building documents along with an online platform.<\/p>\n<\/div><div class=\"fusion-text fusion-text-5\" style=\"--awb-font-size:var(--awb-typography4-font-size);--awb-line-height:var(--awb-typography4-line-height);--awb-letter-spacing:var(--awb-typography4-letter-spacing);--awb-text-transform:var(--awb-typography4-text-transform);--awb-text-color:var(--awb-color6);--awb-text-font-family:var(--awb-typography4-font-family);--awb-text-font-weight:var(--awb-typography4-font-weight);--awb-text-font-style:var(--awb-typography4-font-style);\"><h2>Project Activities<\/h2>\n<h3>Analysis, Hardware Configuration, Development of Assumptions<\/h3>\n<ul>\n<li>Mapping methods and tools for document digitization<\/li>\n<li>Preparation of documents for piloting and file categorization as expected by the technology recipient<\/li>\n<li>Purchase of equipment and tools for digitization<\/li>\n<li>Analysis of required technology and system architecture<\/li>\n<\/ul>\n<h3>Test Solution, Planning of Full-Scale Implementation<\/h3>\n<ul>\n<li>Preparation and testing of physical scanning processes<\/li>\n<li>Creation of a metadata framework<\/li>\n<li>Preparation of an OCR solution for archiving purposes<\/li>\n<li>Creation of archiving architecture and system<\/li>\n<\/ul>\n<h3>Platform Completion, Deployment with the Technology Recipient under Near-Real Conditions<\/h3>\n<ul>\n<li>Digitization of a pilot batch of documents<\/li>\n<li>Archiving, segregation, and categorization of files within the online platform<\/li>\n<li>Conducting usability tests with end-users.<\/li>\n<\/ul>\n<h2>Project Outcomes<\/h2>\n<p>Digitized and organized construction document database according to guidelines.<\/p>\n<h2>Grant Value<\/h2>\n<p>The project value is <strong>PLN 350,000.00.<\/strong><\/p>\n<\/div><\/div><\/div><\/div><\/div><\/div><\/p>\n","protected":false},"excerpt":{"rendered":"","protected":false},"author":2,"featured_media":0,"parent":0,"menu_order":0,"comment_status":"closed","ping_status":"closed","template":"100-width.php","meta":{"_acf_changed":false,"footnotes":""},"class_list":["post-2461","page","type-page","status-publish","hentry"],"acf":[],"yoast_head":"<!-- This site is optimized with the Yoast SEO plugin v27.3 - https:\/\/yoast.com\/product\/yoast-seo-wordpress\/ -->\n<title>BinderLess - Construction Documentation with AI Support<\/title>\n<meta name=\"description\" content=\"Talk to your building! Efficient management of construction documentation with AI support that will accelerate the success of your project!\" \/>\n<meta name=\"robots\" content=\"index, follow, max-snippet:-1, max-image-preview:large, max-video-preview:-1\" \/>\n<link rel=\"canonical\" href=\"https:\/\/binderless.com\/en\/digitization-of-documentation\/\" \/>\n<meta property=\"og:locale\" content=\"en_US\" \/>\n<meta property=\"og:type\" content=\"article\" \/>\n<meta property=\"og:title\" content=\"BinderLess - Construction Documentation with AI Support\" \/>\n<meta property=\"og:description\" content=\"Talk to your building! Efficient management of construction documentation with AI support that will accelerate the success of your project!\" \/>\n<meta property=\"og:url\" content=\"https:\/\/binderless.com\/en\/digitization-of-documentation\/\" \/>\n<meta property=\"og:site_name\" content=\"BinderLess\" \/>\n<meta property=\"article:publisher\" content=\"https:\/\/www.facebook.com\/BinderLess\" \/>\n<meta property=\"article:modified_time\" content=\"2025-11-28T11:54:12+00:00\" \/>\n<meta property=\"og:image\" content=\"https:\/\/binderless.com\/wp-content\/uploads\/2025\/11\/Logo-BinderLess-1200x675-1.webp\" \/>\n\t<meta property=\"og:image:width\" content=\"1200\" \/>\n\t<meta property=\"og:image:height\" content=\"675\" \/>\n\t<meta property=\"og:image:type\" content=\"image\/webp\" \/>\n<meta name=\"twitter:card\" content=\"summary_large_image\" \/>\n<meta name=\"twitter:label1\" content=\"Est. reading time\" \/>\n\t<meta name=\"twitter:data1\" content=\"10 minutes\" \/>\n<script type=\"application\/ld+json\" class=\"yoast-schema-graph\">{\"@context\":\"https:\\\/\\\/schema.org\",\"@graph\":[{\"@type\":\"WebPage\",\"@id\":\"https:\\\/\\\/binderless.com\\\/en\\\/digitization-of-documentation\\\/\",\"url\":\"https:\\\/\\\/binderless.com\\\/en\\\/digitization-of-documentation\\\/\",\"name\":\"BinderLess - Construction Documentation with AI Support\",\"isPartOf\":{\"@id\":\"https:\\\/\\\/binderless.com\\\/en\\\/#website\"},\"datePublished\":\"2025-11-03T14:53:04+00:00\",\"dateModified\":\"2025-11-28T11:54:12+00:00\",\"description\":\"Talk to your building! Efficient management of construction documentation with AI support that will accelerate the success of your project!\",\"breadcrumb\":{\"@id\":\"https:\\\/\\\/binderless.com\\\/en\\\/digitization-of-documentation\\\/#breadcrumb\"},\"inLanguage\":\"en-US\",\"potentialAction\":[{\"@type\":\"ReadAction\",\"target\":[\"https:\\\/\\\/binderless.com\\\/en\\\/digitization-of-documentation\\\/\"]}]},{\"@type\":\"BreadcrumbList\",\"@id\":\"https:\\\/\\\/binderless.com\\\/en\\\/digitization-of-documentation\\\/#breadcrumb\",\"itemListElement\":[{\"@type\":\"ListItem\",\"position\":1,\"name\":\"Strona g\u0142\u00f3wna\",\"item\":\"https:\\\/\\\/binderless.com\\\/en\\\/\"},{\"@type\":\"ListItem\",\"position\":2,\"name\":\"Digitization of Documentation\"}]},{\"@type\":\"WebSite\",\"@id\":\"https:\\\/\\\/binderless.com\\\/en\\\/#website\",\"url\":\"https:\\\/\\\/binderless.com\\\/en\\\/\",\"name\":\"BinderLess\",\"description\":\"Efektywne zarz\u0105dzanie dokumentacj\u0105 budowlan\u0105\",\"publisher\":{\"@id\":\"https:\\\/\\\/binderless.com\\\/en\\\/#organization\"},\"potentialAction\":[{\"@type\":\"SearchAction\",\"target\":{\"@type\":\"EntryPoint\",\"urlTemplate\":\"https:\\\/\\\/binderless.com\\\/en\\\/?s={search_term_string}\"},\"query-input\":{\"@type\":\"PropertyValueSpecification\",\"valueRequired\":true,\"valueName\":\"search_term_string\"}}],\"inLanguage\":\"en-US\"},{\"@type\":\"Organization\",\"@id\":\"https:\\\/\\\/binderless.com\\\/en\\\/#organization\",\"name\":\"BinderLess\",\"url\":\"https:\\\/\\\/binderless.com\\\/en\\\/\",\"logo\":{\"@type\":\"ImageObject\",\"inLanguage\":\"en-US\",\"@id\":\"https:\\\/\\\/binderless.com\\\/en\\\/#\\\/schema\\\/logo\\\/image\\\/\",\"url\":\"https:\\\/\\\/binderless.com\\\/wp-content\\\/uploads\\\/2025\\\/11\\\/Logo-BinderLess-696x696-1.png\",\"contentUrl\":\"https:\\\/\\\/binderless.com\\\/wp-content\\\/uploads\\\/2025\\\/11\\\/Logo-BinderLess-696x696-1.png\",\"width\":696,\"height\":696,\"caption\":\"BinderLess\"},\"image\":{\"@id\":\"https:\\\/\\\/binderless.com\\\/en\\\/#\\\/schema\\\/logo\\\/image\\\/\"},\"sameAs\":[\"https:\\\/\\\/www.facebook.com\\\/BinderLess\",\"https:\\\/\\\/www.youtube.com\\\/@BinderLess\",\"https:\\\/\\\/www.linkedin.com\\\/company\\\/binderless\\\/?viewAsMember=true\"]}]}<\/script>\n<!-- \/ Yoast SEO plugin. -->","yoast_head_json":{"title":"BinderLess - Construction Documentation with AI Support","description":"Talk to your building! Efficient management of construction documentation with AI support that will accelerate the success of your project!","robots":{"index":"index","follow":"follow","max-snippet":"max-snippet:-1","max-image-preview":"max-image-preview:large","max-video-preview":"max-video-preview:-1"},"canonical":"https:\/\/binderless.com\/en\/digitization-of-documentation\/","og_locale":"en_US","og_type":"article","og_title":"BinderLess - Construction Documentation with AI Support","og_description":"Talk to your building! Efficient management of construction documentation with AI support that will accelerate the success of your project!","og_url":"https:\/\/binderless.com\/en\/digitization-of-documentation\/","og_site_name":"BinderLess","article_publisher":"https:\/\/www.facebook.com\/BinderLess","article_modified_time":"2025-11-28T11:54:12+00:00","og_image":[{"width":1200,"height":675,"url":"https:\/\/binderless.com\/wp-content\/uploads\/2025\/11\/Logo-BinderLess-1200x675-1.webp","type":"image\/webp"}],"twitter_card":"summary_large_image","twitter_misc":{"Est. reading time":"10 minutes"},"schema":{"@context":"https:\/\/schema.org","@graph":[{"@type":"WebPage","@id":"https:\/\/binderless.com\/en\/digitization-of-documentation\/","url":"https:\/\/binderless.com\/en\/digitization-of-documentation\/","name":"BinderLess - Construction Documentation with AI Support","isPartOf":{"@id":"https:\/\/binderless.com\/en\/#website"},"datePublished":"2025-11-03T14:53:04+00:00","dateModified":"2025-11-28T11:54:12+00:00","description":"Talk to your building! Efficient management of construction documentation with AI support that will accelerate the success of your project!","breadcrumb":{"@id":"https:\/\/binderless.com\/en\/digitization-of-documentation\/#breadcrumb"},"inLanguage":"en-US","potentialAction":[{"@type":"ReadAction","target":["https:\/\/binderless.com\/en\/digitization-of-documentation\/"]}]},{"@type":"BreadcrumbList","@id":"https:\/\/binderless.com\/en\/digitization-of-documentation\/#breadcrumb","itemListElement":[{"@type":"ListItem","position":1,"name":"Strona g\u0142\u00f3wna","item":"https:\/\/binderless.com\/en\/"},{"@type":"ListItem","position":2,"name":"Digitization of Documentation"}]},{"@type":"WebSite","@id":"https:\/\/binderless.com\/en\/#website","url":"https:\/\/binderless.com\/en\/","name":"BinderLess","description":"Efektywne zarz\u0105dzanie dokumentacj\u0105 budowlan\u0105","publisher":{"@id":"https:\/\/binderless.com\/en\/#organization"},"potentialAction":[{"@type":"SearchAction","target":{"@type":"EntryPoint","urlTemplate":"https:\/\/binderless.com\/en\/?s={search_term_string}"},"query-input":{"@type":"PropertyValueSpecification","valueRequired":true,"valueName":"search_term_string"}}],"inLanguage":"en-US"},{"@type":"Organization","@id":"https:\/\/binderless.com\/en\/#organization","name":"BinderLess","url":"https:\/\/binderless.com\/en\/","logo":{"@type":"ImageObject","inLanguage":"en-US","@id":"https:\/\/binderless.com\/en\/#\/schema\/logo\/image\/","url":"https:\/\/binderless.com\/wp-content\/uploads\/2025\/11\/Logo-BinderLess-696x696-1.png","contentUrl":"https:\/\/binderless.com\/wp-content\/uploads\/2025\/11\/Logo-BinderLess-696x696-1.png","width":696,"height":696,"caption":"BinderLess"},"image":{"@id":"https:\/\/binderless.com\/en\/#\/schema\/logo\/image\/"},"sameAs":["https:\/\/www.facebook.com\/BinderLess","https:\/\/www.youtube.com\/@BinderLess","https:\/\/www.linkedin.com\/company\/binderless\/?viewAsMember=true"]}]}},"_links":{"self":[{"href":"https:\/\/binderless.com\/en\/wp-json\/wp\/v2\/pages\/2461","targetHints":{"allow":["GET"]}}],"collection":[{"href":"https:\/\/binderless.com\/en\/wp-json\/wp\/v2\/pages"}],"about":[{"href":"https:\/\/binderless.com\/en\/wp-json\/wp\/v2\/types\/page"}],"author":[{"embeddable":true,"href":"https:\/\/binderless.com\/en\/wp-json\/wp\/v2\/users\/2"}],"replies":[{"embeddable":true,"href":"https:\/\/binderless.com\/en\/wp-json\/wp\/v2\/comments?post=2461"}],"version-history":[{"count":6,"href":"https:\/\/binderless.com\/en\/wp-json\/wp\/v2\/pages\/2461\/revisions"}],"predecessor-version":[{"id":3159,"href":"https:\/\/binderless.com\/en\/wp-json\/wp\/v2\/pages\/2461\/revisions\/3159"}],"wp:attachment":[{"href":"https:\/\/binderless.com\/en\/wp-json\/wp\/v2\/media?parent=2461"}],"curies":[{"name":"wp","href":"https:\/\/api.w.org\/{rel}","templated":true}]}}