{"id":2466,"date":"2025-11-01T17:35:46","date_gmt":"2025-11-01T16:35:46","guid":{"rendered":"https:\/\/binderless.com\/newsletter\/"},"modified":"2025-11-07T11:22:02","modified_gmt":"2025-11-07T10:22:02","slug":"newsletter","status":"publish","type":"page","link":"https:\/\/binderless.com\/en\/newsletter\/","title":{"rendered":"Newsletter"},"content":{"rendered":"<p><div class=\"fusion-fullwidth fullwidth-box fusion-builder-row-1 fusion-flex-container has-pattern-background has-mask-background nonhundred-percent-fullwidth non-hundred-percent-height-scrolling\" style=\"--awb-background-blend-mode:multiply;--awb-border-radius-top-left:0px;--awb-border-radius-top-right:0px;--awb-border-radius-bottom-right:0px;--awb-border-radius-bottom-left:0px;--awb-padding-top:64px;--awb-padding-bottom:48px;--awb-padding-top-small:64px;--awb-background-color:var(--awb-color3);--awb-flex-wrap:wrap;\" ><div class=\"fusion-builder-row fusion-row fusion-flex-align-items-flex-start fusion-flex-align-content-center fusion-flex-justify-content-center fusion-flex-content-wrap\" style=\"max-width:calc( 1240px + 5vw );margin-left: calc(-5vw \/ 2 );margin-right: calc(-5vw \/ 2 );\"><div class=\"fusion-layout-column fusion_builder_column fusion-builder-column-0 fusion_builder_column_2_3 2_3 fusion-flex-column\" style=\"--awb-bg-size:cover;--awb-width-large:66.666666666667%;--awb-margin-top-large:0px;--awb-spacing-right-large:2.5vw;--awb-margin-bottom-large:0px;--awb-spacing-left-large:2.5vw;--awb-width-medium:80%;--awb-order-medium:0;--awb-spacing-right-medium:2.5vw;--awb-spacing-left-medium:2.5vw;--awb-width-small:100%;--awb-order-small:0;--awb-spacing-right-small:2.5vw;--awb-spacing-left-small:2.5vw;\"><div class=\"fusion-column-wrapper fusion-column-has-shadow fusion-flex-justify-content-flex-start fusion-content-layout-column\"><div class=\"fusion-text fusion-text-1 sm-text-align-left fusion-text-no-margin\" style=\"--awb-content-alignment:center;--awb-font-size:var(--awb-typography3-font-size);--awb-line-height:var(--awb-typography3-line-height);--awb-letter-spacing:var(--awb-typography3-letter-spacing);--awb-text-transform:var(--awb-typography3-text-transform);--awb-text-color:var(--awb-color4);--awb-margin-bottom:0px;--awb-text-font-family:var(--awb-typography3-font-family);--awb-text-font-weight:var(--awb-typography3-font-weight);--awb-text-font-style:var(--awb-typography3-font-style);\"><p>Newsletter<\/p>\n<\/div><div class=\"fusion-title title fusion-title-1 fusion-sep-none fusion-title-center fusion-title-text fusion-title-size-one\" style=\"--awb-margin-top-small:10px;--awb-margin-right-small:0px;--awb-margin-bottom-small:10px;--awb-margin-left-small:0px;--awb-font-size:var(--awb-typography1-font-size);\"><h1 class=\"fusion-title-heading title-heading-center sm-text-align-left fusion-responsive-typography-calculated\" style=\"font-family:var(--awb-typography1-font-family);font-weight:var(--awb-typography1-font-weight);font-style:var(--awb-typography1-font-style);margin:0;letter-spacing:var(--awb-typography1-letter-spacing);text-transform:var(--awb-typography1-text-transform);font-size:1em;--fontSize:48;line-height:var(--awb-typography1-line-height);\"><p>You build analog.<br \/>\nYou think digital.<\/p><\/h1><\/div><div class=\"fusion-text fusion-text-2 sm-text-align-left fusion-text-no-margin\" style=\"--awb-content-alignment:center;--awb-font-size:var(--awb-typography4-font-size);--awb-line-height:var(--awb-typography4-line-height);--awb-letter-spacing:var(--awb-typography4-letter-spacing);--awb-text-transform:var(--awb-typography4-text-transform);--awb-text-color:var(--awb-color6);--awb-margin-bottom:0px;--awb-text-font-family:var(--awb-typography4-font-family);--awb-text-font-weight:var(--awb-typography4-font-weight);--awb-text-font-style:var(--awb-typography4-font-style);\"><p>Sign up for our newsletter and be part of the new era in construction.<\/p>\n<\/div><\/div><\/div><\/div><\/div><div class=\"fusion-fullwidth fullwidth-box fusion-builder-row-2 fusion-flex-container has-pattern-background has-mask-background nonhundred-percent-fullwidth non-hundred-percent-height-scrolling\" style=\"--awb-border-radius-top-left:0px;--awb-border-radius-top-right:0px;--awb-border-radius-bottom-right:0px;--awb-border-radius-bottom-left:0px;--awb-padding-bottom:10vh;--awb-background-image:linear-gradient(180deg, var(--awb-color3) 25%,var(--awb-color1) 25%);--awb-flex-wrap:wrap;\" ><div class=\"fusion-builder-row fusion-row fusion-flex-align-items-flex-start fusion-flex-justify-content-center fusion-flex-content-wrap\" style=\"max-width:1289.6px;margin-left: calc(-4% \/ 2 );margin-right: calc(-4% \/ 2 );\"><div class=\"fusion-layout-column fusion_builder_column fusion-builder-column-1 fusion_builder_column_3_5 3_5 fusion-flex-column\" style=\"--awb-padding-top:2rem;--awb-padding-right:2rem;--awb-padding-bottom:2rem;--awb-padding-left:2rem;--awb-overflow:hidden;--awb-bg-color:var(--awb-color1);--awb-bg-color-hover:var(--awb-color1);--awb-bg-size:cover;--awb-border-color:rgba(255,138,0,0.2);--awb-border-top:2px;--awb-border-right:2px;--awb-border-bottom:2px;--awb-border-left:2px;--awb-border-style:solid;--awb-border-radius:1rem 1rem 1rem 1rem;--awb-width-large:60%;--awb-margin-top-large:0px;--awb-spacing-right-large:3.2%;--awb-margin-bottom-large:20px;--awb-spacing-left-large:3.2%;--awb-width-medium:66.666666666667%;--awb-order-medium:0;--awb-spacing-right-medium:2.88%;--awb-spacing-left-medium:2.88%;--awb-width-small:100%;--awb-order-small:0;--awb-spacing-right-small:1.92%;--awb-spacing-left-small:1.92%;\"><div class=\"fusion-column-wrapper fusion-column-has-shadow fusion-flex-justify-content-flex-start fusion-content-layout-column\"><div class=\"fusion-form fusion-form-builder fusion-form-form-wrapper fusion-form-2629 has-icon-alignment\" style=\"--awb-tooltip-text-color:#ffffff;--awb-tooltip-background-color:#333333;--awb-field-margin-top:0px;--awb-field-margin-bottom:16px;--awb-form-input-height:42px;--awb-label-font-size:14px;--awb-form-font-size:14px;--awb-form-placeholder-color:hsla(var(--awb-color6-h),var(--awb-color6-s),var(--awb-color6-l),calc(var(--awb-color6-a) - 40%));--awb-form-text-color:var(--awb-color6);--awb-form-label-color:var(--awb-color7);--awb-form-border-width-top:2px;--awb-form-border-width-bottom:2px;--awb-form-border-width-right:2px;--awb-form-border-width-left:2px;--awb-form-border-color:var(--awb-color3);--awb-form-focus-border-color:var(--awb-color4);--awb-form-focus-border-hover-color:hsla(var(--awb-color4-h),var(--awb-color4-s),var(--awb-color4-l),calc(var(--awb-color4-a) - 50%));--awb-form-border-radius:8px;--awb-icon-alignment-top:2px;--awb-icon-alignment-bottom:2px;--awb-icon-alignment-font-size:14px;--awb-required-field-symbol-deco:none;\" data-form-id=\"2629\" data-config=\"{&quot;form_id&quot;:2629,&quot;form_post_id&quot;:2629,&quot;post_id&quot;:2466,&quot;form_type&quot;:&quot;ajax&quot;,&quot;confirmation_type&quot;:&quot;redirect&quot;,&quot;redirect_url&quot;:&quot;https:\\\/\\\/binderless.com\\\/thank-you\\\/&quot;,&quot;redirect_timeout&quot;:&quot;0&quot;,&quot;field_labels&quot;:{&quot;email&quot;:&quot;Email&quot;},&quot;field_logics&quot;:{&quot;email&quot;:&quot;&quot;,&quot;submit_1&quot;:&quot;&quot;},&quot;field_types&quot;:{&quot;email&quot;:&quot;email&quot;,&quot;submit_1&quot;:&quot;submit&quot;},&quot;nonce_method&quot;:&quot;ajax&quot;,&quot;form_views&quot;:&quot;ajax&quot;,&quot;form_views_counting&quot;:&quot;all&quot;}\"><form action=\"https:\/\/binderless.com\/en\/newsletter\/\" method=\"post\" class=\"fusion-form fusion-form-2629\"><div class=\"fusion-fullwidth fullwidth-box fusion-builder-row-2-1 fusion-flex-container has-pattern-background has-mask-background nonhundred-percent-fullwidth non-hundred-percent-height-scrolling\" style=\"--awb-border-radius-top-left:0px;--awb-border-radius-top-right:0px;--awb-border-radius-bottom-right:0px;--awb-border-radius-bottom-left:0px;--awb-padding-top:0px;--awb-padding-right:0px;--awb-padding-bottom:0px;--awb-padding-left:0px;--awb-margin-top:0px;--awb-margin-bottom:0px;--awb-flex-wrap:wrap;\" ><div class=\"fusion-builder-row fusion-row fusion-flex-align-items-flex-start fusion-flex-content-wrap\" style=\"width:104% !important;max-width:104% !important;margin-left: calc(-4% \/ 2 );margin-right: calc(-4% \/ 2 );\"><div class=\"fusion-layout-column fusion_builder_column fusion-builder-column-2 fusion_builder_column_1_1 1_1 fusion-flex-column\" style=\"--awb-padding-top:0px;--awb-padding-right:0px;--awb-padding-bottom:0px;--awb-padding-left:0px;--awb-bg-size:cover;--awb-width-large:100%;--awb-flex-grow:0;--awb-flex-shrink:0;--awb-margin-top-large:0px;--awb-spacing-right-large:1.92%;--awb-margin-bottom-large:0px;--awb-spacing-left-large:1.92%;--awb-width-medium:100%;--awb-order-medium:0;--awb-flex-grow-medium:0;--awb-flex-shrink-medium:0;--awb-spacing-right-medium:1.92%;--awb-spacing-left-medium:1.92%;--awb-width-small:100%;--awb-order-small:0;--awb-flex-grow-small:0;--awb-flex-shrink-small:0;--awb-spacing-right-small:1.92%;--awb-spacing-left-small:1.92%;\" data-scroll-devices=\"small-visibility,medium-visibility,large-visibility\"><div class=\"fusion-column-wrapper fusion-column-has-shadow fusion-flex-justify-content-flex-start fusion-content-layout-column\"><div class=\"fusion-form-field fusion-form-email-field fusion-form-label-above\" style=\"\" data-form-id=\"2629\"><div class=\"fusion-form-label-wrapper\"><label for=\"email\">Email <abbr class=\"fusion-form-element-required\" title=\"required\">*<\/abbr><\/label><\/div><input type=\"email\" autocomplete=\"off\" name=\"email\" id=\"email\" value=\"\"  class=\"fusion-form-input\" required=\"true\" aria-required=\"true\" data-holds-private-data=\"false\"\/><\/div><div class=\"fusion-form-field fusion-form-submit-field fusion-form-label-above\" style=\"\" data-form-id=\"2629\"><div ><button type=\"submit\" class=\"fusion-button button-flat fusion-button-default-size button-default fusion-button-default button-1 fusion-button-span-yes  button-default form-form-submit\" style=\"--button_margin-top:0px;--button_margin-bottom:0px;\" data-form-number=\"2629\" tabindex=\"\"><span class=\"fusion-button-text awb-button__text awb-button__text--default\">Subscribe to the newsletter!<\/span><\/button><\/div><\/div><div class=\"fusion-text fusion-text-3 fusion-text-no-margin\" style=\"--awb-font-size:10px;--awb-margin-bottom:0px;--awb-text-font-family:var(--awb-typography5-font-family);--awb-text-font-weight:var(--awb-typography5-font-weight);--awb-text-font-style:var(--awb-typography5-font-style);\"><p>* Yes, I wish to receive updates on the construction industry and BinderLess's offerings, as well as exclusive promotions and information for newsletter subscribers, via the email address I provided or SMS messages (you may unsubscribe at any time). By subscribing to the newsletter, I agree to BinderLess's <a href=\"https:\/\/binderless.com\/en\/privacy-policy\/\">privacy policy<\/a>. <\/p>\n<\/div>\n<\/div><\/div><\/div><\/div><input type=\"hidden\" name=\"fusion_privacy_expiration_interval\" value=\"48\"><input type=\"hidden\" name=\"privacy_expiration_action\" value=\"anonymize\"><\/form><\/div><\/div><\/div><\/div><\/div><\/p>\n","protected":false},"excerpt":{"rendered":"","protected":false},"author":2,"featured_media":0,"parent":0,"menu_order":0,"comment_status":"closed","ping_status":"closed","template":"100-width.php","meta":{"_acf_changed":false,"footnotes":""},"class_list":["post-2466","page","type-page","status-publish","hentry"],"acf":[],"yoast_head":"<!-- This site is optimized with the Yoast SEO plugin v27.3 - https:\/\/yoast.com\/product\/yoast-seo-wordpress\/ -->\n<title>BinderLess Newsletter - Join our Newsletter<\/title>\n<meta name=\"description\" content=\"Subscribe to the BinderLess newsletter. Receive updates from the construction industry and be part of the new era of digitalization in construction.\" \/>\n<meta name=\"robots\" content=\"index, follow, max-snippet:-1, max-image-preview:large, max-video-preview:-1\" \/>\n<link rel=\"canonical\" href=\"https:\/\/binderless.com\/en\/newsletter\/\" \/>\n<meta property=\"og:locale\" content=\"en_US\" \/>\n<meta property=\"og:type\" content=\"article\" \/>\n<meta property=\"og:title\" content=\"BinderLess Newsletter - Join our Newsletter\" \/>\n<meta property=\"og:description\" content=\"Subscribe to the BinderLess newsletter. Receive updates from the construction industry and be part of the new era of digitalization in construction.\" \/>\n<meta property=\"og:url\" content=\"https:\/\/binderless.com\/en\/newsletter\/\" \/>\n<meta property=\"og:site_name\" content=\"BinderLess\" \/>\n<meta property=\"article:publisher\" content=\"https:\/\/www.facebook.com\/BinderLess\" \/>\n<meta property=\"article:modified_time\" content=\"2025-11-07T10:22:02+00:00\" \/>\n<meta property=\"og:image\" content=\"https:\/\/binderless.com\/wp-content\/uploads\/2025\/11\/Logo-BinderLess-1200x675-1.webp\" \/>\n\t<meta property=\"og:image:width\" content=\"1200\" \/>\n\t<meta property=\"og:image:height\" content=\"675\" \/>\n\t<meta property=\"og:image:type\" content=\"image\/webp\" \/>\n<meta name=\"twitter:card\" content=\"summary_large_image\" \/>\n<meta name=\"twitter:label1\" content=\"Est. reading time\" \/>\n\t<meta name=\"twitter:data1\" content=\"7 minutes\" \/>\n<script type=\"application\/ld+json\" class=\"yoast-schema-graph\">{\"@context\":\"https:\\\/\\\/schema.org\",\"@graph\":[{\"@type\":\"WebPage\",\"@id\":\"https:\\\/\\\/binderless.com\\\/en\\\/newsletter\\\/\",\"url\":\"https:\\\/\\\/binderless.com\\\/en\\\/newsletter\\\/\",\"name\":\"BinderLess Newsletter - Join our Newsletter\",\"isPartOf\":{\"@id\":\"https:\\\/\\\/binderless.com\\\/en\\\/#website\"},\"datePublished\":\"2025-11-01T16:35:46+00:00\",\"dateModified\":\"2025-11-07T10:22:02+00:00\",\"description\":\"Subscribe to the BinderLess newsletter. Receive updates from the construction industry and be part of the new era of digitalization in construction.\",\"breadcrumb\":{\"@id\":\"https:\\\/\\\/binderless.com\\\/en\\\/newsletter\\\/#breadcrumb\"},\"inLanguage\":\"en-US\",\"potentialAction\":[{\"@type\":\"ReadAction\",\"target\":[\"https:\\\/\\\/binderless.com\\\/en\\\/newsletter\\\/\"]}]},{\"@type\":\"BreadcrumbList\",\"@id\":\"https:\\\/\\\/binderless.com\\\/en\\\/newsletter\\\/#breadcrumb\",\"itemListElement\":[{\"@type\":\"ListItem\",\"position\":1,\"name\":\"Strona g\u0142\u00f3wna\",\"item\":\"https:\\\/\\\/binderless.com\\\/en\\\/\"},{\"@type\":\"ListItem\",\"position\":2,\"name\":\"Newsletter\"}]},{\"@type\":\"WebSite\",\"@id\":\"https:\\\/\\\/binderless.com\\\/en\\\/#website\",\"url\":\"https:\\\/\\\/binderless.com\\\/en\\\/\",\"name\":\"BinderLess\",\"description\":\"Efektywne zarz\u0105dzanie dokumentacj\u0105 budowlan\u0105\",\"publisher\":{\"@id\":\"https:\\\/\\\/binderless.com\\\/en\\\/#organization\"},\"potentialAction\":[{\"@type\":\"SearchAction\",\"target\":{\"@type\":\"EntryPoint\",\"urlTemplate\":\"https:\\\/\\\/binderless.com\\\/en\\\/?s={search_term_string}\"},\"query-input\":{\"@type\":\"PropertyValueSpecification\",\"valueRequired\":true,\"valueName\":\"search_term_string\"}}],\"inLanguage\":\"en-US\"},{\"@type\":\"Organization\",\"@id\":\"https:\\\/\\\/binderless.com\\\/en\\\/#organization\",\"name\":\"BinderLess\",\"url\":\"https:\\\/\\\/binderless.com\\\/en\\\/\",\"logo\":{\"@type\":\"ImageObject\",\"inLanguage\":\"en-US\",\"@id\":\"https:\\\/\\\/binderless.com\\\/en\\\/#\\\/schema\\\/logo\\\/image\\\/\",\"url\":\"https:\\\/\\\/binderless.com\\\/wp-content\\\/uploads\\\/2025\\\/11\\\/Logo-BinderLess-696x696-1.png\",\"contentUrl\":\"https:\\\/\\\/binderless.com\\\/wp-content\\\/uploads\\\/2025\\\/11\\\/Logo-BinderLess-696x696-1.png\",\"width\":696,\"height\":696,\"caption\":\"BinderLess\"},\"image\":{\"@id\":\"https:\\\/\\\/binderless.com\\\/en\\\/#\\\/schema\\\/logo\\\/image\\\/\"},\"sameAs\":[\"https:\\\/\\\/www.facebook.com\\\/BinderLess\",\"https:\\\/\\\/www.youtube.com\\\/@BinderLess\",\"https:\\\/\\\/www.linkedin.com\\\/company\\\/binderless\\\/?viewAsMember=true\"]}]}<\/script>\n<!-- \/ Yoast SEO plugin. -->","yoast_head_json":{"title":"BinderLess Newsletter - Join our Newsletter","description":"Subscribe to the BinderLess newsletter. Receive updates from the construction industry and be part of the new era of digitalization in construction.","robots":{"index":"index","follow":"follow","max-snippet":"max-snippet:-1","max-image-preview":"max-image-preview:large","max-video-preview":"max-video-preview:-1"},"canonical":"https:\/\/binderless.com\/en\/newsletter\/","og_locale":"en_US","og_type":"article","og_title":"BinderLess Newsletter - Join our Newsletter","og_description":"Subscribe to the BinderLess newsletter. Receive updates from the construction industry and be part of the new era of digitalization in construction.","og_url":"https:\/\/binderless.com\/en\/newsletter\/","og_site_name":"BinderLess","article_publisher":"https:\/\/www.facebook.com\/BinderLess","article_modified_time":"2025-11-07T10:22:02+00:00","og_image":[{"width":1200,"height":675,"url":"https:\/\/binderless.com\/wp-content\/uploads\/2025\/11\/Logo-BinderLess-1200x675-1.webp","type":"image\/webp"}],"twitter_card":"summary_large_image","twitter_misc":{"Est. reading time":"7 minutes"},"schema":{"@context":"https:\/\/schema.org","@graph":[{"@type":"WebPage","@id":"https:\/\/binderless.com\/en\/newsletter\/","url":"https:\/\/binderless.com\/en\/newsletter\/","name":"BinderLess Newsletter - Join our Newsletter","isPartOf":{"@id":"https:\/\/binderless.com\/en\/#website"},"datePublished":"2025-11-01T16:35:46+00:00","dateModified":"2025-11-07T10:22:02+00:00","description":"Subscribe to the BinderLess newsletter. Receive updates from the construction industry and be part of the new era of digitalization in construction.","breadcrumb":{"@id":"https:\/\/binderless.com\/en\/newsletter\/#breadcrumb"},"inLanguage":"en-US","potentialAction":[{"@type":"ReadAction","target":["https:\/\/binderless.com\/en\/newsletter\/"]}]},{"@type":"BreadcrumbList","@id":"https:\/\/binderless.com\/en\/newsletter\/#breadcrumb","itemListElement":[{"@type":"ListItem","position":1,"name":"Strona g\u0142\u00f3wna","item":"https:\/\/binderless.com\/en\/"},{"@type":"ListItem","position":2,"name":"Newsletter"}]},{"@type":"WebSite","@id":"https:\/\/binderless.com\/en\/#website","url":"https:\/\/binderless.com\/en\/","name":"BinderLess","description":"Efektywne zarz\u0105dzanie dokumentacj\u0105 budowlan\u0105","publisher":{"@id":"https:\/\/binderless.com\/en\/#organization"},"potentialAction":[{"@type":"SearchAction","target":{"@type":"EntryPoint","urlTemplate":"https:\/\/binderless.com\/en\/?s={search_term_string}"},"query-input":{"@type":"PropertyValueSpecification","valueRequired":true,"valueName":"search_term_string"}}],"inLanguage":"en-US"},{"@type":"Organization","@id":"https:\/\/binderless.com\/en\/#organization","name":"BinderLess","url":"https:\/\/binderless.com\/en\/","logo":{"@type":"ImageObject","inLanguage":"en-US","@id":"https:\/\/binderless.com\/en\/#\/schema\/logo\/image\/","url":"https:\/\/binderless.com\/wp-content\/uploads\/2025\/11\/Logo-BinderLess-696x696-1.png","contentUrl":"https:\/\/binderless.com\/wp-content\/uploads\/2025\/11\/Logo-BinderLess-696x696-1.png","width":696,"height":696,"caption":"BinderLess"},"image":{"@id":"https:\/\/binderless.com\/en\/#\/schema\/logo\/image\/"},"sameAs":["https:\/\/www.facebook.com\/BinderLess","https:\/\/www.youtube.com\/@BinderLess","https:\/\/www.linkedin.com\/company\/binderless\/?viewAsMember=true"]}]}},"_links":{"self":[{"href":"https:\/\/binderless.com\/en\/wp-json\/wp\/v2\/pages\/2466","targetHints":{"allow":["GET"]}}],"collection":[{"href":"https:\/\/binderless.com\/en\/wp-json\/wp\/v2\/pages"}],"about":[{"href":"https:\/\/binderless.com\/en\/wp-json\/wp\/v2\/types\/page"}],"author":[{"embeddable":true,"href":"https:\/\/binderless.com\/en\/wp-json\/wp\/v2\/users\/2"}],"replies":[{"embeddable":true,"href":"https:\/\/binderless.com\/en\/wp-json\/wp\/v2\/comments?post=2466"}],"version-history":[{"count":2,"href":"https:\/\/binderless.com\/en\/wp-json\/wp\/v2\/pages\/2466\/revisions"}],"predecessor-version":[{"id":2468,"href":"https:\/\/binderless.com\/en\/wp-json\/wp\/v2\/pages\/2466\/revisions\/2468"}],"wp:attachment":[{"href":"https:\/\/binderless.com\/en\/wp-json\/wp\/v2\/media?parent=2466"}],"curies":[{"name":"wp","href":"https:\/\/api.w.org\/{rel}","templated":true}]}}